{"id":28,"date":"2024-04-12T17:20:34","date_gmt":"2024-04-12T20:20:34","guid":{"rendered":"https:\/\/querigma.com.br\/home\/?page_id=28"},"modified":"2026-01-26T18:28:46","modified_gmt":"2026-01-26T21:28:46","slug":"escola-catolica-querigma","status":"publish","type":"page","link":"https:\/\/querigma.com.br\/home\/index.php\/escola-catolica-querigma\/","title":{"rendered":"Escola Cat\u00f3lica Querigma"},"content":{"rendered":"\n<ul class=\"wp-block-list\">\n<li class=\"has-medium-font-size\"><a href=\"http:\/\/www.querigma.com.br\/moodle\" data-type=\"link\" data-id=\"www.querigma.com.br\/moodle\" target=\"_blank\" rel=\"noreferrer noopener\">Web Escola<\/a><\/li>\n\n\n\n<li class=\"has-medium-font-size\"><a href=\"https:\/\/querigma.com.br\/home\/index.php\/proposta-pedagogica\/\">Proposta Pedag\u00f3gica<\/a><\/li>\n\n\n\n<li class=\"has-medium-font-size\"><a href=\"https:\/\/querigma.com.br\/home\/index.php\/regimento-escolar\/\" data-type=\"page\" data-id=\"354\">Regimento Escolar<\/a><\/li>\n\n\n\n<li class=\"has-medium-font-size\"><a href=\"https:\/\/querigma.com.br\/home\/index.php\/normas-disciplinares\/\">Normas Disciplinares<\/a><\/li>\n\n\n\n<li class=\"has-medium-font-size\"><a href=\"https:\/\/querigma.com.br\/home\/index.php\/calendario-escolar-2024\/\" data-type=\"page\" data-id=\"121\">Calend\u00e1rio 2026<\/a><\/li>\n<\/ul>\n\n\n\n<hr class=\"wp-block-separator has-alpha-channel-opacity is-style-dots\"\/>\n\n\n\n<p>A Escola Cat\u00f3lica Querigma desenvolve, desde o in\u00edcio de suas atividades, em 5 de fevereiro de 2001, um projeto org\u00e2nico de forma\u00e7\u00e3o da pessoa, o qual integra o conjunto de suas dimens\u00f5es intelectual, espiritual, humano-afetiva, eclesial-comunit\u00e1ria e mission\u00e1ria.<\/p>\n\n\n\n<p>Assim, no \u00e2mbito da Institui\u00e7\u00e3o, promove-se a educa\u00e7\u00e3o integral, privilegiando-se o estabelecimento de rela\u00e7\u00f5es concretas entre f\u00e9 e raz\u00e3o, a partir da refer\u00eancia constante e expl\u00edcita a Jesus Cristo e a sua mensagem, tal como a Igreja Cat\u00f3lica Apost\u00f3lica Romana a apresenta em sua doutrina dogm\u00e1tica e moral.<\/p>\n\n\n\n<p>Certamente, n\u00e3o se trata de considerar os diversos componentes curriculares como instrumentos de proselitismo religioso ou de orient\u00e1-los segundo finalidades apolog\u00e9ticas, mas, sim, de iluminar, conforme os crit\u00e9rios intr\u00ednsecos \u00e0 Sagrada Escritura, \u00e0 Tradi\u00e7\u00e3o da Igreja e ao Magist\u00e9rio Eclesial, os diferentes aspectos da exist\u00eancia humana,  proporcionando, aos estudantes, o conhecimento da Verdade e a apreens\u00e3o de virtudes.<\/p>\n\n\n\n<p>Em outras palavras, a Escola Cat\u00f3lica Querigma prop\u00f5e, a seus alunos, a santidade de vida como meta educativa.<\/p>\n\n\n\n<p>Nesse sentido, dirigindo-se especialmente aos jovens, em sua recente Exorta\u00e7\u00e3o Apost\u00f3lica P\u00f3s-Sinodal Christus vivit, o Papa Francisco encoraja-os: \u201cInvoca o Esp\u00edrito Santo, caminha, confiante, para a grande meta \u2013 a santidade \u2013 e ser\u00e1s, plenamente, tu mesmo\u201d (cf. n. 107).<\/p>\n\n\n\n<p>Eis, portanto, o projeto original do Pai para nossas crian\u00e7as, adolescentes e jovens, eis o princ\u00edpio de sua plena realiza\u00e7\u00e3o como pessoas humanas: serem santos!<\/p>\n\n\n\n<p>Contudo, infelizmente, a sociedade contempor\u00e2nea, cada vez mais impregnada pela imoralidade, marginaliza essa busca pela santidade.<\/p>\n\n\n\n<p>Logo, para tornar ainda mais evidente o objetivo formativo da Institui\u00e7\u00e3o e a voca\u00e7\u00e3o \u00e0 qual o pr\u00f3prio Deus chama cada um de seus alunos, a Escola Cat\u00f3lica Querigma adota o lema \u201cOu santo, ou nada\u201d.<\/p>\n\n\n\n<p>Essa express\u00e3o recorda a afirma\u00e7\u00e3o de S\u00e3o Domingos S\u00e1vio a S\u00e3o Jo\u00e3o Bosco, quando este, desejando presentear-lhe, perguntou-lhe o que pretenderia receber. \u201cO presente que lhe pe\u00e7o \u2013 respondeu o jovem \u2013 \u00e9 que me ajude a ser santo. [\u2026] Sinto verdadeira necessidade de fazer-me santo, e se n\u00e3o me fizer, n\u00e3o fa\u00e7o nada\u201d.<\/p>\n\n\n\n<p>Ali\u00e1s, ao se encontrar pela primeira vez com S\u00e3o Jo\u00e3o Bosco, S\u00e3o Domingos S\u00e1vio, ent\u00e3o com apenas doze anos de idade, disse-lhe: \u201cVoc\u00ea ser\u00e1 o alfaiate. Eu serei o pano e faremos um bom traje de santidade para presente\u00e1-lo a Nosso Senhor\u201d.<\/p>\n","protected":false},"excerpt":{"rendered":"<p>A Escola Cat\u00f3lica Querigma desenvolve, desde o in\u00edcio de suas atividades, em 5 de fevereiro de 2001, um projeto org\u00e2nico de forma\u00e7\u00e3o da pessoa, o qual integra o conjunto de suas dimens\u00f5es intelectual, espiritual, humano-afetiva, eclesial-comunit\u00e1ria e mission\u00e1ria. Assim, no \u00e2mbito da Institui\u00e7\u00e3o, promove-se a educa\u00e7\u00e3o integral, privilegiando-se o estabelecimento de rela\u00e7\u00f5es concretas entre f\u00e9 [&hellip;]<\/p>\n","protected":false},"author":1,"featured_media":0,"parent":0,"menu_order":0,"comment_status":"closed","ping_status":"closed","template":"","meta":{"footnotes":""},"class_list":["post-28","page","type-page","status-publish","hentry"],"_links":{"self":[{"href":"https:\/\/querigma.com.br\/home\/index.php\/wp-json\/wp\/v2\/pages\/28","targetHints":{"allow":["GET"]}}],"collection":[{"href":"https:\/\/querigma.com.br\/home\/index.php\/wp-json\/wp\/v2\/pages"}],"about":[{"href":"https:\/\/querigma.com.br\/home\/index.php\/wp-json\/wp\/v2\/types\/page"}],"author":[{"embeddable":true,"href":"https:\/\/querigma.com.br\/home\/index.php\/wp-json\/wp\/v2\/users\/1"}],"replies":[{"embeddable":true,"href":"https:\/\/querigma.com.br\/home\/index.php\/wp-json\/wp\/v2\/comments?post=28"}],"version-history":[{"count":8,"href":"https:\/\/querigma.com.br\/home\/index.php\/wp-json\/wp\/v2\/pages\/28\/revisions"}],"predecessor-version":[{"id":364,"href":"https:\/\/querigma.com.br\/home\/index.php\/wp-json\/wp\/v2\/pages\/28\/revisions\/364"}],"wp:attachment":[{"href":"https:\/\/querigma.com.br\/home\/index.php\/wp-json\/wp\/v2\/media?parent=28"}],"curies":[{"name":"wp","href":"https:\/\/api.w.org\/{rel}","templated":true}]}}