{"id":40,"date":"2024-04-12T17:24:07","date_gmt":"2024-04-12T20:24:07","guid":{"rendered":"https:\/\/querigma.com.br\/home\/?page_id=40"},"modified":"2024-04-12T18:19:50","modified_gmt":"2024-04-12T21:19:50","slug":"uma-nova-fundacao","status":"publish","type":"page","link":"https:\/\/querigma.com.br\/home\/index.php\/uma-nova-fundacao\/","title":{"rendered":"Uma Nova Funda\u00e7\u00e3o"},"content":{"rendered":"\n<p>Fundada em 19 de novembro de 1997, por Antonio Donizetti Bianconi, fiel leigo, a Comunidade Cat\u00f3lica Querigma, insere-se no contexto das chamadas Novas Comunidades ou Novas Funda\u00e7\u00f5es, tal como S\u00e3o Jo\u00e3o Paulo II as apresenta em sua Exorta\u00e7\u00e3o Apost\u00f3lica P\u00f3s-Sinodal Vita consecrata, sobre a vida consagrada e a sua miss\u00e3o na Igreja e no mundo, de 25 de mar\u00e7o de 1996:<\/p>\n\n\n\n<p class=\"has-text-align-right\">\u201cA perene juventude da Igreja continua a manifestar-se tamb\u00e9m hoje: nos \u00faltimos dec\u00eanios, depois do Conc\u00edlio Ecum\u00eanico Vaticano II, apareceram\u00a0formas novas ou renovadas de vida consagrada. [\u2026] Estas novas formas de vida consagrada, que se v\u00eam juntar \u00e0s antigas, testemunham a constante atra\u00e7\u00e3o que a doa\u00e7\u00e3o total ao Senhor, o ideal da comunidade apost\u00f3lica, os carismas de funda\u00e7\u00e3o continuam a exercer mesmo sobre a gera\u00e7\u00e3o atual, e s\u00e3o sinal tamb\u00e9m da complementaridade dos dons do Esp\u00edrito Santo\u201d (n. 12).<\/p>\n\n\n\n<p class=\"has-text-align-right\"><br>\u201cO Esp\u00edrito, que, ao longo dos tempos, suscitou numerosas formas de vida consagrada, n\u00e3o cessa de assistir a Igreja, quer alimentando nos Institutos j\u00e1 existentes o esfor\u00e7o de renova\u00e7\u00e3o na fidelidade ao carisma original, quer distribuindo novos carismas a homens e mulheres do nosso tempo, para que deem vida a institui\u00e7\u00f5es adequadas aos desafios de hoje. Sinal desta interven\u00e7\u00e3o divina s\u00e3o as chamadas\u00a0novas Funda\u00e7\u00f5es, com caracter\u00edsticas de algum modo originais relativamente \u00e0s tradicionais. A originalidade destas novas comunidades consiste frequentemente no fato de se tratar de grupos compostos de homens e mulheres, de cl\u00e9rigos e leigos, de casados e solteiros, que<br>seguem um estilo particular de vida, inspirado \u00e0s vezes numa ou noutra forma tradicional ou adaptado \u00e0s exig\u00eancias da sociedade atual. Tamb\u00e9m o seu compromisso de vida evang\u00e9lica se exprime em formas diversas, manifestando-se, como tend\u00eancia geral, uma intensa aspira\u00e7\u00e3o \u00e0 vida comunit\u00e1ria, \u00e0 pobreza e \u00e0 ora\u00e7\u00e3o. No governo, participam cl\u00e9rigos e leigos, segundo as respectivas compet\u00eancias, e o fim apost\u00f3lico vai ao encontro das solicita\u00e7\u00f5es da nova evangeliza\u00e7\u00e3o\u201d (n. 62).<\/p>\n\n\n\n<p>Reconhecida por Decreto de 10 de outubro de 2012, subscrito por S. Ex\u00aa Revm\u00aa Dom Paulo S\u00e9rgio Machado, que promulgou e aprovou os Estatutos Can\u00f4nicos da Institui\u00e7\u00e3o, a Comunidade Cat\u00f3lica Querigma constitui-se uma Associa\u00e7\u00e3o Privada de Fi\u00e9is, segundo o que estabelece o C\u00f3digo de Direito Can\u00f4nico (c\u00e2n. 298-311; 321-326).<\/p>\n","protected":false},"excerpt":{"rendered":"<p>Fundada em 19 de novembro de 1997, por Antonio Donizetti Bianconi, fiel leigo, a Comunidade Cat\u00f3lica Querigma, insere-se no contexto das chamadas Novas Comunidades ou Novas Funda\u00e7\u00f5es, tal como S\u00e3o Jo\u00e3o Paulo II as apresenta em sua Exorta\u00e7\u00e3o Apost\u00f3lica P\u00f3s-Sinodal Vita consecrata, sobre a vida consagrada e a sua miss\u00e3o na Igreja e no mundo, [&hellip;]<\/p>\n","protected":false},"author":1,"featured_media":0,"parent":0,"menu_order":0,"comment_status":"closed","ping_status":"closed","template":"","meta":{"footnotes":""},"class_list":["post-40","page","type-page","status-publish","hentry"],"_links":{"self":[{"href":"https:\/\/querigma.com.br\/home\/index.php\/wp-json\/wp\/v2\/pages\/40","targetHints":{"allow":["GET"]}}],"collection":[{"href":"https:\/\/querigma.com.br\/home\/index.php\/wp-json\/wp\/v2\/pages"}],"about":[{"href":"https:\/\/querigma.com.br\/home\/index.php\/wp-json\/wp\/v2\/types\/page"}],"author":[{"embeddable":true,"href":"https:\/\/querigma.com.br\/home\/index.php\/wp-json\/wp\/v2\/users\/1"}],"replies":[{"embeddable":true,"href":"https:\/\/querigma.com.br\/home\/index.php\/wp-json\/wp\/v2\/comments?post=40"}],"version-history":[{"count":2,"href":"https:\/\/querigma.com.br\/home\/index.php\/wp-json\/wp\/v2\/pages\/40\/revisions"}],"predecessor-version":[{"id":111,"href":"https:\/\/querigma.com.br\/home\/index.php\/wp-json\/wp\/v2\/pages\/40\/revisions\/111"}],"wp:attachment":[{"href":"https:\/\/querigma.com.br\/home\/index.php\/wp-json\/wp\/v2\/media?parent=40"}],"curies":[{"name":"wp","href":"https:\/\/api.w.org\/{rel}","templated":true}]}}