{"id":43,"date":"2024-04-12T17:23:30","date_gmt":"2024-04-12T20:23:30","guid":{"rendered":"https:\/\/querigma.com.br\/home\/?page_id=43"},"modified":"2024-04-12T17:23:30","modified_gmt":"2024-04-12T20:23:30","slug":"o-carisma-querigma","status":"publish","type":"page","link":"https:\/\/querigma.com.br\/home\/index.php\/o-carisma-querigma\/","title":{"rendered":"O Carisma Querigma"},"content":{"rendered":"\n<p>\u201cViver a experi\u00eancia de ser amado por Deus, transbordar esse amor e dar a vida pela Igreja\u201d compreende a senten\u00e7a-s\u00edntese que expressa o carisma de funda\u00e7\u00e3o da Comunidade Cat\u00f3lica Querigma, o qual se inspira na narrativa da primeira multiplica\u00e7\u00e3o dos p\u00e3es, do sexto cap\u00edtulo do Evangelho segundo S\u00e3o Marcos, entre os vers\u00edculos 30 e 44:<\/p>\n\n\n\n<p class=\"has-text-align-right\">\u201cAo desembarcar, Jesus viu uma grande multid\u00e3o e compadeceu-se dela, porque era como ovelhas que n\u00e3o t\u00eam pastor. E come\u00e7ou a ensinar-lhes muitas coisas. A hora j\u00e1 estava bem avan\u00e7ada quando se achegaram a ele os seus disc\u00edpulos e disseram: \u2018Este lugar \u00e9 deserto, e j\u00e1 \u00e9 tarde. Despede-os, para irem aos s\u00edtios e aldeias vizinhas a comprar algum alimento\u2019. Mas ele respondeu-lhes: \u2018Dai-lhes v\u00f3s mesmos de comer\u2019. Replicaram-lhe: \u2018Iremos comprar duzentos den\u00e1rios de p\u00e3o para dar-lhes de comer?\u2019. Ele perguntou-lhes: \u2018Quantos p\u00e3es tendes? Ide ver\u2019. Depois de se terem informado, disseram: \u2018Cinco, e dois peixes\u2019. Ordenou-lhes que mandassem todos sentar-se, em grupos, na relva verde. E assentaram-se em grupos de cem e de cinquenta. Ent\u00e3o, tomou os cinco p\u00e3es e os dois peixes e, erguendo os olhos ao c\u00e9u, aben\u00e7oou-os, partiu-os e os deu a seus disc\u00edpulos, para que lhos distribu\u00edssem, e repartiu entre todos os dois peixes. Todos comeram e ficaram fartos. Recolheram do que sobrou doze cestos cheios de peda\u00e7os, e os restos dos peixes. Foram cinco mil os homens que haviam comido daqueles p\u00e3es\u201d (Mc 6,30-44).<\/p>\n\n\n\n<p class=\"has-text-align-left\">Assim, queremos responder, afirmativamente, ao convite que nos foi dirigido pelo Papa Francisco, em sua Exorta\u00e7\u00e3o Apost\u00f3lica Evangelii gaudium, \u201ca alegria do Evangelho\u201d, sobre o an\u00fancio do Evangelho no mundo atual, de 24 de novembro de 2013:<\/p>\n\n\n\n<p class=\"has-text-align-right\">\u201cSaiamos, saiamos para oferecer a todos a vida de Jesus Cristo! Repito aqui, para toda a Igreja, aquilo que muitas vezes disse aos sacerdotes e aos leigos de Buenos Aires: prefiro uma Igreja acidentada, ferida e enlameada por ter sa\u00eddo pelas estradas, a uma Igreja enferma pelo fechamento e a comodidade de se agarrar \u00e0s pr\u00f3prias seguran\u00e7as. N\u00e3o quero uma Igreja preocupada com ser o centro, e que acaba presa em um emaranhado de obsess\u00f5es e procedimentos. Se alguma coisa nos deve santamente inquietar e preocupar a nossa consci\u00eancia \u00e9 que haja tantos irm\u00e3os nossos que vivem sem a for\u00e7a, a luz e a consola\u00e7\u00e3o da amizade com Jesus Cristo, sem uma comunidade de f\u00e9 que os acolha, sem um horizonte de sentido e de vida. Mais do que o temor de falhar, espero que nos mova o medo de nos encerrarmos nas estruturas que nos d\u00e3o uma falsa prote\u00e7\u00e3o, nas normas que nos transformam em ju\u00edzes implac\u00e1veis, nos h\u00e1bitos em que nos sentimos tranquilos, enquanto l\u00e1 fora h\u00e1 uma multid\u00e3o faminta e Jesus repete-nos sem cessar: \u2018Dai-lhes v\u00f3s mesmos de comer\u2019 (Mc 6,37)\u201d (n. 49).<\/p>\n","protected":false},"excerpt":{"rendered":"<p>\u201cViver a experi\u00eancia de ser amado por Deus, transbordar esse amor e dar a vida pela Igreja\u201d compreende a senten\u00e7a-s\u00edntese que expressa o carisma de funda\u00e7\u00e3o da Comunidade Cat\u00f3lica Querigma, o qual se inspira na narrativa da primeira multiplica\u00e7\u00e3o dos p\u00e3es, do sexto cap\u00edtulo do Evangelho segundo S\u00e3o Marcos, entre os vers\u00edculos 30 e 44: [&hellip;]<\/p>\n","protected":false},"author":1,"featured_media":0,"parent":0,"menu_order":0,"comment_status":"closed","ping_status":"closed","template":"","meta":{"footnotes":""},"class_list":["post-43","page","type-page","status-publish","hentry"],"_links":{"self":[{"href":"https:\/\/querigma.com.br\/home\/index.php\/wp-json\/wp\/v2\/pages\/43","targetHints":{"allow":["GET"]}}],"collection":[{"href":"https:\/\/querigma.com.br\/home\/index.php\/wp-json\/wp\/v2\/pages"}],"about":[{"href":"https:\/\/querigma.com.br\/home\/index.php\/wp-json\/wp\/v2\/types\/page"}],"author":[{"embeddable":true,"href":"https:\/\/querigma.com.br\/home\/index.php\/wp-json\/wp\/v2\/users\/1"}],"replies":[{"embeddable":true,"href":"https:\/\/querigma.com.br\/home\/index.php\/wp-json\/wp\/v2\/comments?post=43"}],"version-history":[{"count":1,"href":"https:\/\/querigma.com.br\/home\/index.php\/wp-json\/wp\/v2\/pages\/43\/revisions"}],"predecessor-version":[{"id":44,"href":"https:\/\/querigma.com.br\/home\/index.php\/wp-json\/wp\/v2\/pages\/43\/revisions\/44"}],"wp:attachment":[{"href":"https:\/\/querigma.com.br\/home\/index.php\/wp-json\/wp\/v2\/media?parent=43"}],"curies":[{"name":"wp","href":"https:\/\/api.w.org\/{rel}","templated":true}]}}