{"id":58,"date":"2024-04-12T17:22:55","date_gmt":"2024-04-12T20:22:55","guid":{"rendered":"https:\/\/querigma.com.br\/home\/?page_id=58"},"modified":"2024-04-12T17:22:55","modified_gmt":"2024-04-12T20:22:55","slug":"a-vida-fraterna","status":"publish","type":"page","link":"https:\/\/querigma.com.br\/home\/index.php\/a-vida-fraterna\/","title":{"rendered":"A Vida Fraterna"},"content":{"rendered":"\n<p>Todos os membros da Comunidade Cat\u00f3lica Querigma, animados pelo carisma fundacional da Institui\u00e7\u00e3o, chamados \u00e0 participa\u00e7\u00e3o em sua a\u00e7\u00e3o mission\u00e1ria e impulsionados pela mesma voca\u00e7\u00e3o \u00e0 consagra\u00e7\u00e3o de suas vidas, levam vida fraterna em comum, sustentada pelos dons da unidade e da uni\u00e3o.<\/p>\n\n\n\n<p>A unidade evidencia a solidez dos relacionamentos interpessoais que se estabelecem entre os membros da Comunidade. A uni\u00e3o diz respeito ao habitar o mesmo espa\u00e7o, desde que legitimamente constitu\u00eddo, proporcionando aos membros da Comunidade responsabilizarem-se pelos diferentes servi\u00e7os e participarem dos atos comuns.<\/p>\n\n\n\n<p>Logo, os membros da Comunidade Cat\u00f3lica Querigma organizam-se segundo duas realidades essencialmente distintas, por\u00e9m, intrinsecamente vinculadas entre si: a Comunidade de Vida e a Comunidade de Alian\u00e7a. Os membros da Comunidade de Vida dedicam-se, exclusivamente, ao carisma e \u00e0 miss\u00e3o, abdicando, integralmente, de seus bens e servi\u00e7os. Os membros da Comunidade de Alian\u00e7a tamb\u00e9m se dedicam ao carisma e \u00e0 miss\u00e3o, conservando seus bens e servi\u00e7os e comprometendo-se a cooperar, financeiramente, com o sustento da Institui\u00e7\u00e3o.<\/p>\n\n\n\n<p>Conv\u00e9m sublinhar que, inspirados pela admoesta\u00e7\u00e3o de Jesus a seus disc\u00edpulos \u2013 \u201cQuanto a esta esp\u00e9cie de dem\u00f4nio, s\u00f3 se pode expulsar \u00e0 for\u00e7a de ora\u00e7\u00e3o e de jejum\u201d (Mt 17,20) \u2013 praticamos o jejum e abstin\u00eancia de carne, \u00e0s sextas-feiras, na inten\u00e7\u00e3o de que qualquer esp\u00edrito de divis\u00e3o seja repelido do interior da Comunidade Cat\u00f3lica Querigma.<\/p>\n","protected":false},"excerpt":{"rendered":"<p>Todos os membros da Comunidade Cat\u00f3lica Querigma, animados pelo carisma fundacional da Institui\u00e7\u00e3o, chamados \u00e0 participa\u00e7\u00e3o em sua a\u00e7\u00e3o mission\u00e1ria e impulsionados pela mesma voca\u00e7\u00e3o \u00e0 consagra\u00e7\u00e3o de suas vidas, levam vida fraterna em comum, sustentada pelos dons da unidade e da uni\u00e3o. A unidade evidencia a solidez dos relacionamentos interpessoais que se estabelecem entre [&hellip;]<\/p>\n","protected":false},"author":1,"featured_media":0,"parent":0,"menu_order":0,"comment_status":"closed","ping_status":"closed","template":"","meta":{"footnotes":""},"class_list":["post-58","page","type-page","status-publish","hentry"],"_links":{"self":[{"href":"https:\/\/querigma.com.br\/home\/index.php\/wp-json\/wp\/v2\/pages\/58","targetHints":{"allow":["GET"]}}],"collection":[{"href":"https:\/\/querigma.com.br\/home\/index.php\/wp-json\/wp\/v2\/pages"}],"about":[{"href":"https:\/\/querigma.com.br\/home\/index.php\/wp-json\/wp\/v2\/types\/page"}],"author":[{"embeddable":true,"href":"https:\/\/querigma.com.br\/home\/index.php\/wp-json\/wp\/v2\/users\/1"}],"replies":[{"embeddable":true,"href":"https:\/\/querigma.com.br\/home\/index.php\/wp-json\/wp\/v2\/comments?post=58"}],"version-history":[{"count":1,"href":"https:\/\/querigma.com.br\/home\/index.php\/wp-json\/wp\/v2\/pages\/58\/revisions"}],"predecessor-version":[{"id":59,"href":"https:\/\/querigma.com.br\/home\/index.php\/wp-json\/wp\/v2\/pages\/58\/revisions\/59"}],"wp:attachment":[{"href":"https:\/\/querigma.com.br\/home\/index.php\/wp-json\/wp\/v2\/media?parent=58"}],"curies":[{"name":"wp","href":"https:\/\/api.w.org\/{rel}","templated":true}]}}