{"id":64,"date":"2024-04-12T17:23:38","date_gmt":"2024-04-12T20:23:38","guid":{"rendered":"https:\/\/querigma.com.br\/home\/?page_id=64"},"modified":"2024-04-12T17:23:38","modified_gmt":"2024-04-12T20:23:38","slug":"o-exercicio-dos-dons-carismaticos","status":"publish","type":"page","link":"https:\/\/querigma.com.br\/home\/index.php\/o-exercicio-dos-dons-carismaticos\/","title":{"rendered":"O Exerc\u00edcio dos Dons Carism\u00e1ticos"},"content":{"rendered":"\n<p>S\u00e3o Jo\u00e3o Paulo II recorda-nos:<\/p>\n\n\n\n<p class=\"has-text-align-right\">\u201cComo toda a exist\u00eancia crist\u00e3, tamb\u00e9m a voca\u00e7\u00e3o \u00e0 vida consagrada est\u00e1 intimamente relacionada com a obra do Esp\u00edrito Santo. \u00c9 Ele que, pelos mil\u00eanios afora, sempre induz novas pessoas a sentirem atra\u00e7\u00e3o por uma op\u00e7\u00e3o t\u00e3o comprometedora. Sob a sua a\u00e7\u00e3o, elas revivem, de certo modo, a experi\u00eancia do profeta Jeremias: \u2018V\u00f3s me seduzistes, Senhor, e eu deixei-me seduzir\u2019 (20,7). \u00c9 o Esp\u00edrito que suscita o desejo de uma resposta cabal; \u00e9 Ele que guia o crescimento desse anseio, fazendo amadurecer a resposta positiva e sustentando, depois, a sua fiel realiza\u00e7\u00e3o; \u00e9 Ele que forma e plasma o esp\u00edrito dos que s\u00e3o chamados, configurando-os a Cristo casto, pobre e obediente, e impelindo-os a assumirem a sua miss\u00e3o. Deixando-se guiar pelo Esp\u00edrito, num caminho ininterrupto de purifica\u00e7\u00e3o, tornam-se, dia ap\u00f3s dia,\u00a0pessoas cristiformes, prolongamento na hist\u00f3ria de uma especial presen\u00e7a do Senhor ressuscitado\u201d (Vita consecrata, n. 19).<\/p>\n\n\n\n<p>Assim, o Sumo Pont\u00edfice prossegue: \u201cO Esp\u00edrito Santo, art\u00edfice admir\u00e1vel da diversidade de carismas, suscitou no nosso tempo\u00a0novas express\u00f5es de vida consagrada, como que desejando corresponder, segundo um des\u00edgnio providencial, \u00e0s novas necessidades que a Igreja encontra hoje no cumprimento da sua miss\u00e3o no mundo\u201d (Vita consecrata, n. 10).<\/p>\n\n\n\n<p>Se nossa identidade vincula-se \u00e0 a\u00e7\u00e3o do Esp\u00edrito Santo, devemos permitir que Ele pr\u00f3prio, por meio do exerc\u00edcio dos dons carism\u00e1ticos, sirva-se da Comunidade Cat\u00f3lica Querigma \u201cpara despertar a f\u00e9 nos cora\u00e7\u00f5es de numerosos crist\u00e3os e para fazer com que eles redescubram a voca\u00e7\u00e3o recebida mediante o Batismo, ajudando-os a serem testemunhas de esperan\u00e7a, repletas daquele fogo de amor que \u00e9 precisamente o dom do Esp\u00edrito Santo\u201d (Bento XVI, Encontro com os Movimentos Eclesiais e as Novas Comunidades, Celebra\u00e7\u00e3o das Primeiras V\u00e9speras da Vig\u00edlia de<br>Pentecostes, 2006).<\/p>\n","protected":false},"excerpt":{"rendered":"<p>S\u00e3o Jo\u00e3o Paulo II recorda-nos: \u201cComo toda a exist\u00eancia crist\u00e3, tamb\u00e9m a voca\u00e7\u00e3o \u00e0 vida consagrada est\u00e1 intimamente relacionada com a obra do Esp\u00edrito Santo. \u00c9 Ele que, pelos mil\u00eanios afora, sempre induz novas pessoas a sentirem atra\u00e7\u00e3o por uma op\u00e7\u00e3o t\u00e3o comprometedora. Sob a sua a\u00e7\u00e3o, elas revivem, de certo modo, a experi\u00eancia do [&hellip;]<\/p>\n","protected":false},"author":1,"featured_media":0,"parent":0,"menu_order":0,"comment_status":"closed","ping_status":"closed","template":"","meta":{"footnotes":""},"class_list":["post-64","page","type-page","status-publish","hentry"],"_links":{"self":[{"href":"https:\/\/querigma.com.br\/home\/index.php\/wp-json\/wp\/v2\/pages\/64","targetHints":{"allow":["GET"]}}],"collection":[{"href":"https:\/\/querigma.com.br\/home\/index.php\/wp-json\/wp\/v2\/pages"}],"about":[{"href":"https:\/\/querigma.com.br\/home\/index.php\/wp-json\/wp\/v2\/types\/page"}],"author":[{"embeddable":true,"href":"https:\/\/querigma.com.br\/home\/index.php\/wp-json\/wp\/v2\/users\/1"}],"replies":[{"embeddable":true,"href":"https:\/\/querigma.com.br\/home\/index.php\/wp-json\/wp\/v2\/comments?post=64"}],"version-history":[{"count":1,"href":"https:\/\/querigma.com.br\/home\/index.php\/wp-json\/wp\/v2\/pages\/64\/revisions"}],"predecessor-version":[{"id":65,"href":"https:\/\/querigma.com.br\/home\/index.php\/wp-json\/wp\/v2\/pages\/64\/revisions\/65"}],"wp:attachment":[{"href":"https:\/\/querigma.com.br\/home\/index.php\/wp-json\/wp\/v2\/media?parent=64"}],"curies":[{"name":"wp","href":"https:\/\/api.w.org\/{rel}","templated":true}]}}