{"id":75,"date":"2024-04-12T17:23:12","date_gmt":"2024-04-12T20:23:12","guid":{"rendered":"https:\/\/querigma.com.br\/home\/?page_id=75"},"modified":"2024-04-12T17:23:12","modified_gmt":"2024-04-12T20:23:12","slug":"compromissos-comunitarios","status":"publish","type":"page","link":"https:\/\/querigma.com.br\/home\/index.php\/compromissos-comunitarios\/","title":{"rendered":"Compromissos Comunit\u00e1rios"},"content":{"rendered":"\n<p>Exige-se dos membros da Comunidade de Vida: a pr\u00e1tica di\u00e1ria da Lectio Divina, a participa\u00e7\u00e3o di\u00e1ria da Santa Missa ou da Celebra\u00e7\u00e3o da Palavra com a distribui\u00e7\u00e3o da Eucaristia, a recita\u00e7\u00e3o di\u00e1ria de duas das Horas Lit\u00fargicas (preferencialmente, as Laudes e as V\u00e9speras), a ora\u00e7\u00e3o pessoal e di\u00e1ria junto ao Sant\u00edssimo Sacramento e a recita\u00e7\u00e3o di\u00e1ria do Santo Ros\u00e1rio, do Ter\u00e7o da Miseric\u00f3rdia e do Ter\u00e7o da Provid\u00eancia.<\/p>\n\n\n\n<p>Exige-se dos membros da Comunidade de Alian\u00e7a: a pr\u00e1tica di\u00e1ria da Lectio Divina, a participa\u00e7\u00e3o da Santa Missa ou da Celebra\u00e7\u00e3o da Palavra com a distribui\u00e7\u00e3o da Eucaristia (\u00e0s sextas-feiras, s\u00e1bados e domingos), a ora\u00e7\u00e3o pessoal junto ao Sant\u00edssimo Sacramento (semanal) e a recita\u00e7\u00e3o di\u00e1ria do Ter\u00e7o Mariano.<\/p>\n\n\n\n<p>Todos os membros da Comunidade comprometem-se a participar, juntos, semanalmente, \u00e0s sextas-feiras, \u00e0 noite, da Adora\u00e7\u00e3o ao Sant\u00edssimo Sacramento.<\/p>\n","protected":false},"excerpt":{"rendered":"<p>Exige-se dos membros da Comunidade de Vida: a pr\u00e1tica di\u00e1ria da Lectio Divina, a participa\u00e7\u00e3o di\u00e1ria da Santa Missa ou da Celebra\u00e7\u00e3o da Palavra com a distribui\u00e7\u00e3o da Eucaristia, a recita\u00e7\u00e3o di\u00e1ria de duas das Horas Lit\u00fargicas (preferencialmente, as Laudes e as V\u00e9speras), a ora\u00e7\u00e3o pessoal e di\u00e1ria junto ao Sant\u00edssimo Sacramento e a recita\u00e7\u00e3o [&hellip;]<\/p>\n","protected":false},"author":1,"featured_media":0,"parent":0,"menu_order":0,"comment_status":"closed","ping_status":"closed","template":"","meta":{"footnotes":""},"class_list":["post-75","page","type-page","status-publish","hentry"],"_links":{"self":[{"href":"https:\/\/querigma.com.br\/home\/index.php\/wp-json\/wp\/v2\/pages\/75","targetHints":{"allow":["GET"]}}],"collection":[{"href":"https:\/\/querigma.com.br\/home\/index.php\/wp-json\/wp\/v2\/pages"}],"about":[{"href":"https:\/\/querigma.com.br\/home\/index.php\/wp-json\/wp\/v2\/types\/page"}],"author":[{"embeddable":true,"href":"https:\/\/querigma.com.br\/home\/index.php\/wp-json\/wp\/v2\/users\/1"}],"replies":[{"embeddable":true,"href":"https:\/\/querigma.com.br\/home\/index.php\/wp-json\/wp\/v2\/comments?post=75"}],"version-history":[{"count":1,"href":"https:\/\/querigma.com.br\/home\/index.php\/wp-json\/wp\/v2\/pages\/75\/revisions"}],"predecessor-version":[{"id":76,"href":"https:\/\/querigma.com.br\/home\/index.php\/wp-json\/wp\/v2\/pages\/75\/revisions\/76"}],"wp:attachment":[{"href":"https:\/\/querigma.com.br\/home\/index.php\/wp-json\/wp\/v2\/media?parent=75"}],"curies":[{"name":"wp","href":"https:\/\/api.w.org\/{rel}","templated":true}]}}