{"id":77,"date":"2024-04-12T17:23:46","date_gmt":"2024-04-12T20:23:46","guid":{"rendered":"https:\/\/querigma.com.br\/home\/?page_id=77"},"modified":"2024-04-12T17:23:46","modified_gmt":"2024-04-12T20:23:46","slug":"recitacao-das-mil-ave-marias","status":"publish","type":"page","link":"https:\/\/querigma.com.br\/home\/index.php\/recitacao-das-mil-ave-marias\/","title":{"rendered":"Recita\u00e7\u00e3o das Mil Ave-Marias"},"content":{"rendered":"\n<p>Em sua Exorta\u00e7\u00e3o Apost\u00f3lica P\u00f3s-Sinodal Pastores dabo vobis, sobre a forma\u00e7\u00e3o dos sacerdotes no mundo atual, de 25 de mar\u00e7o de 1995, S\u00e3o Jo\u00e3o Paulo II recorda-nos a promessa que o pr\u00f3prio Deus dirige a seu povo, pela boca do profeta Jeremias: \u201cDar-vos-ei pastores segundo o meu cora\u00e7\u00e3o, os quais vos apascentar\u00e3o com intelig\u00eancia e sabedoria\u201d (Jr 3,15). De acordo com o Sumo Pont\u00edfice, tendo em vista as graves e urgentes necessidades de nosso tempo, essa promessa deve suscitar, em n\u00f3s, uma s\u00faplica ardente para que o Pai continue a manifestar, aos homens de hoje, a sua fidelidade, concedendo-nos \u201cpresb\u00edteros que se esforcem por viver o seu sacerd\u00f3cio como caminho espec\u00edfico para a santidade\u201d (n. 82).<\/p>\n\n\n\n<p>Nesse sentido, o Santo Padre sublinha que \u201ccada aspecto da forma\u00e7\u00e3o sacerdotal pode ser referido a Maria como \u00e0 pessoa humana que correspondeu, mais do que qualquer outra, \u00e0 voca\u00e7\u00e3o de Deus, que se fez serva e disc\u00edpula da Palavra at\u00e9 conceber no seu cora\u00e7\u00e3o e na sua carne o Verbo feito homem para d\u00e1-Lo \u00e0 humanidade, que foi chamada \u00e0 educa\u00e7\u00e3o do \u00fanico e eterno Sacerdote que se fez d\u00f3cil e submisso \u00e0 sua autoridade materna. Com o seu exemplo e a sua intercess\u00e3o, a Virgem Sant\u00edssima continua a estar atenta ao desenvolvimento das voca\u00e7\u00f5es e da vida sacerdotal na Igreja\u201d (n. 82).<\/p>\n\n\n\n<p>Por isso, recitamos as Mil Ave-Marias, aos s\u00e1bados de manh\u00e3, rezando pela santifica\u00e7\u00e3o dos sacerdotes, da seguinte forma:<\/p>\n\n\n\n<p><strong>Mist\u00e9rios Gozosos<\/strong><\/p>\n\n\n\n<p>1\u00ba Mist\u00e9rio: pela obedi\u00eancia dos sacerdotes \u00e0 Palavra de Deus.<br>2\u00ba Mist\u00e9rio: para que os sacerdotes sejam dignos dispensadores do Sacramento da Reconcilia\u00e7\u00e3o.<br>3\u00ba Mist\u00e9rio: pela fidelidade dos sacerdotes \u00e0 Tradi\u00e7\u00e3o da Igreja.<br>4\u00ba Mist\u00e9rio: pelo compromisso dos sacerdotes com o aut\u00eantico Magist\u00e9rio Eclesial.<br>5\u00ba Mist\u00e9rio: para que os sacerdotes n\u00e3o percam a esperan\u00e7a.<\/p>\n\n\n\n<p><strong>Mist\u00e9rios Luminosos<\/strong><\/p>\n\n\n\n<p>1\u00ba Mist\u00e9rio: para que os sacerdotes sejam sustentados pela virtude da f\u00e9.<br>2\u00ba Mist\u00e9rio: pelo celibato absoluto e perp\u00e9tuo dos sacerdotes.<br>3\u00ba Mist\u00e9rio: para que os sacerdotes anunciem, incondicionalmente, a Verdade.<br>4\u00ba Mist\u00e9rio: para que os sacerdotes cultivem a intimidade com Jesus.<br>5\u00ba Mist\u00e9rio: para que a celebra\u00e7\u00e3o do Sacrif\u00edcio Eucar\u00edstico seja a ess\u00eancia da vida dos sacerdotes.<\/p>\n\n\n\n<p><strong>Mist\u00e9rios Dolorosos<\/strong><\/p>\n\n\n\n<p>1\u00ba Mist\u00e9rio: para que os sacerdotes encontrem, em Deus, o consolo para suas ang\u00fastias.<br>2\u00ba Mist\u00e9rio: para que os sacerdotes n\u00e3o se amedrontem sob as persegui\u00e7\u00f5es.<br>3\u00ba Mist\u00e9rio: para que os sacerdotes sejam vitoriosos em todas as tenta\u00e7\u00f5es.<br>4\u00ba Mist\u00e9rio: para que os sacerdotes testemunhem uma op\u00e7\u00e3o livre pela Cruz.<br>5\u00ba Mist\u00e9rio: para que os sacerdotes possam consumir-se pelo Reino de Deus.<\/p>\n\n\n\n<p><strong>Mist\u00e9rios Gloriosos<\/strong><\/p>\n\n\n\n<p>1\u00ba Mist\u00e9rio: para que os sacerdotes cultivem a alegria do servi\u00e7o.<\/p>\n\n\n\n<p>2\u00ba Mist\u00e9rio: para que os sacerdotes sejam sol\u00edcitos.<br>3\u00ba Mist\u00e9rio: por uma extraordin\u00e1ria efus\u00e3o do Esp\u00edrito Santo sobre os sacerdotes.<br>4\u00ba Mist\u00e9rio: pelos sacerdotes falecidos.<br>5\u00ba Mist\u00e9rio: para que os sacerdotes acolham Maria como sua M\u00e3e e Mestra.<\/p>\n","protected":false},"excerpt":{"rendered":"<p>Em sua Exorta\u00e7\u00e3o Apost\u00f3lica P\u00f3s-Sinodal Pastores dabo vobis, sobre a forma\u00e7\u00e3o dos sacerdotes no mundo atual, de 25 de mar\u00e7o de 1995, S\u00e3o Jo\u00e3o Paulo II recorda-nos a promessa que o pr\u00f3prio Deus dirige a seu povo, pela boca do profeta Jeremias: \u201cDar-vos-ei pastores segundo o meu cora\u00e7\u00e3o, os quais vos apascentar\u00e3o com intelig\u00eancia e [&hellip;]<\/p>\n","protected":false},"author":1,"featured_media":0,"parent":0,"menu_order":0,"comment_status":"closed","ping_status":"closed","template":"","meta":{"footnotes":""},"class_list":["post-77","page","type-page","status-publish","hentry"],"_links":{"self":[{"href":"https:\/\/querigma.com.br\/home\/index.php\/wp-json\/wp\/v2\/pages\/77","targetHints":{"allow":["GET"]}}],"collection":[{"href":"https:\/\/querigma.com.br\/home\/index.php\/wp-json\/wp\/v2\/pages"}],"about":[{"href":"https:\/\/querigma.com.br\/home\/index.php\/wp-json\/wp\/v2\/types\/page"}],"author":[{"embeddable":true,"href":"https:\/\/querigma.com.br\/home\/index.php\/wp-json\/wp\/v2\/users\/1"}],"replies":[{"embeddable":true,"href":"https:\/\/querigma.com.br\/home\/index.php\/wp-json\/wp\/v2\/comments?post=77"}],"version-history":[{"count":1,"href":"https:\/\/querigma.com.br\/home\/index.php\/wp-json\/wp\/v2\/pages\/77\/revisions"}],"predecessor-version":[{"id":78,"href":"https:\/\/querigma.com.br\/home\/index.php\/wp-json\/wp\/v2\/pages\/77\/revisions\/78"}],"wp:attachment":[{"href":"https:\/\/querigma.com.br\/home\/index.php\/wp-json\/wp\/v2\/media?parent=77"}],"curies":[{"name":"wp","href":"https:\/\/api.w.org\/{rel}","templated":true}]}}